{"id":117,"date":"2026-04-16T07:51:57","date_gmt":"2026-04-16T07:51:57","guid":{"rendered":"https:\/\/www.kleinezwerge-schlafcoaching.ch\/?page_id=117"},"modified":"2026-04-16T08:06:58","modified_gmt":"2026-04-16T08:06:58","slug":"baby-und-kleinkinder-schlafcoaching","status":"publish","type":"page","link":"https:\/\/www.kleinezwerge-schlafcoaching.ch\/?page_id=117","title":{"rendered":"Datenschutz"},"content":{"rendered":"\t\t<div data-elementor-type=\"wp-page\" data-elementor-id=\"117\" class=\"elementor elementor-117\">\n\t\t\t\t<div class=\"elementor-element elementor-element-077114c e-flex e-con-boxed e-con e-parent\" data-id=\"077114c\" data-element_type=\"container\" data-e-type=\"container\">\n\t\t\t\t\t<div class=\"e-con-inner\">\n\t\t\t\t<div class=\"elementor-element elementor-element-c2bf7b4 elementor-widget elementor-widget-text-editor\" data-id=\"c2bf7b4\" data-element_type=\"widget\" data-e-type=\"widget\" data-widget_type=\"text-editor.default\">\n\t\t\t\t\t\t\t\t\t<p><strong>Verantwortliche Instanz:<\/strong><\/p><p>KleineZwerge-Schlafcoaching<\/p><p>Aronenweg 11<\/p><p>8618 Oetweil Am See<\/p><p>Schweiz<\/p><p><strong>E-Mail:<\/strong>\u00a0<a href=\"mailto:debora.lenz@protonmail.com\">debora.lenz@protonmail.com<\/a><\/p><p><strong>Telefonnummer:<\/strong>\u00a0+41 78 605 44 03<\/p><p><strong>Vertretungsberechtigte Personen:<\/strong><\/p><p>Debora Lenz<\/p><p><strong>Name der Firma:<\/strong>\u00a0KleineZwerge-Schlafcoaching<\/p><p><strong>Haftungsausschluss:<\/strong><\/p><p>Der Verfasser \u00fcbernimmt keine Verantwortung f\u00fcr die Richtigkeit, Genauigkeit, Aktualit\u00e4t, Zuverl\u00e4ssigkeit und Vollst\u00e4ndigkeit der Informationen auf dieser Webseite. Haftungsanspr\u00fcche gegen den Verfasser wegen Sch\u00e4den materieller oder immaterieller Natur, die durch den Zugriff, die Nutzung oder Nichtnutzung der ver\u00f6ffentlichten Informationen, durch Missbrauch der Verbindung oder durch technische St\u00f6rungen entstanden sind, werden ausgeschlossen. Alle Angebote sind freibleibend und unverbindlich. Der Verfasser beh\u00e4lt sich ausdr\u00fccklich vor, Teile der Seiten oder das gesamte Angebot ohne separate Ank\u00fcndigung zu ver\u00e4ndern, zu erg\u00e4nzen, zu l\u00f6schen oder die Ver\u00f6ffentlichung zeitweise oder endg\u00fcltig einzustellen.<\/p><p><strong>Haftungsausschluss f\u00fcr Inhalte und Links:<\/strong><\/p><p>Verweise und Links auf Webseiten Dritter liegen ausserhalb unseres Verantwortungsbereichs. Eine Haftung f\u00fcr solche Webseiten wird vollumf\u00e4nglich abgelehnt. Der Zugang und die Nutzung solcher Webseiten erfolgen auf eigene Gefahr des Nutzers oder der Nutzerin.<\/p><p><strong>Urheberrechtserkl\u00e4rung:<\/strong><\/p><p>Das Urheberrecht sowie alle anderen Rechte an den Inhalten, Bildern, Fotos und anderen Dateien auf der Webseite geh\u00f6ren ausschliesslich KleineZwerge-Schlafcoaching oder den ausdr\u00fccklich benannten Rechtsinhabern. Das Logo wurde unter Verwendung der Designplattform Canva erstellt. Es gelten die jeweiligen Lizenz- und Nutzungsbedingungen von Canva. Die Gestaltung dieser Angaben erfolgte mit Unterst\u00fctzung durch den <a href=\"https:\/\/dartera.ch\/impressum-generator-schweiz\/\">dartera Impressum-Generator.<\/a>\u00a0Jede Art der Vervielf\u00e4ltigung, Bearbeitung, Verbreitung und jede Art der Verwertung ausserhalb der Grenzen des Urheberrechts bed\u00fcrfen der vorherigen schriftlichen Zustimmung des jeweiligen Rechteinhabers.<\/p>\t\t\t\t\t\t\t\t<\/div>\n\t\t\t\t\t<\/div>\n\t\t\t\t<\/div>\n\t\t\t\t<\/div>\n\t\t","protected":false},"excerpt":{"rendered":"<p>Verantwortliche Instanz: KleineZwerge-Schlafcoaching Aronenweg 11 8618 Oetweil Am See Schweiz E-Mail:\u00a0debora.lenz@protonmail.com Telefonnummer:\u00a0+41 78 605 44 03 Vertretungsberechtigte Personen: Debora Lenz Name der Firma:\u00a0KleineZwerge-Schlafcoaching Haftungsausschluss: Der Verfasser \u00fcbernimmt keine Verantwortung f\u00fcr die Richtigkeit, Genauigkeit, Aktualit\u00e4t, Zuverl\u00e4ssigkeit und Vollst\u00e4ndigkeit der Informationen auf dieser Webseite. Haftungsanspr\u00fcche gegen den Verfasser wegen Sch\u00e4den materieller oder immaterieller Natur, die durch den [&hellip;]<\/p>\n","protected":false},"author":1,"featured_media":0,"parent":0,"menu_order":0,"comment_status":"closed","ping_status":"closed","template":"","meta":{"ocean_post_layout":"","ocean_both_sidebars_style":"","ocean_both_sidebars_content_width":0,"ocean_both_sidebars_sidebars_width":0,"ocean_sidebar":"","ocean_second_sidebar":"","ocean_disable_margins":"enable","ocean_add_body_class":"","ocean_shortcode_before_top_bar":"","ocean_shortcode_after_top_bar":"","ocean_shortcode_before_header":"","ocean_shortcode_after_header":"","ocean_has_shortcode":"","ocean_shortcode_after_title":"","ocean_shortcode_before_footer_widgets":"","ocean_shortcode_after_footer_widgets":"","ocean_shortcode_before_footer_bottom":"","ocean_shortcode_after_footer_bottom":"","ocean_display_top_bar":"default","ocean_display_header":"default","ocean_header_style":"","ocean_center_header_left_menu":"","ocean_custom_header_template":"","ocean_custom_logo":0,"ocean_custom_retina_logo":0,"ocean_custom_logo_max_width":0,"ocean_custom_logo_tablet_max_width":0,"ocean_custom_logo_mobile_max_width":0,"ocean_custom_logo_max_height":0,"ocean_custom_logo_tablet_max_height":0,"ocean_custom_logo_mobile_max_height":0,"ocean_header_custom_menu":"","ocean_menu_typo_font_family":"","ocean_menu_typo_font_subset":"","ocean_menu_typo_font_size":0,"ocean_menu_typo_font_size_tablet":0,"ocean_menu_typo_font_size_mobile":0,"ocean_menu_typo_font_size_unit":"px","ocean_menu_typo_font_weight":"","ocean_menu_typo_font_weight_tablet":"","ocean_menu_typo_font_weight_mobile":"","ocean_menu_typo_transform":"","ocean_menu_typo_transform_tablet":"","ocean_menu_typo_transform_mobile":"","ocean_menu_typo_line_height":0,"ocean_menu_typo_line_height_tablet":0,"ocean_menu_typo_line_height_mobile":0,"ocean_menu_typo_line_height_unit":"","ocean_menu_typo_spacing":0,"ocean_menu_typo_spacing_tablet":0,"ocean_menu_typo_spacing_mobile":0,"ocean_menu_typo_spacing_unit":"","ocean_menu_link_color":"","ocean_menu_link_color_hover":"","ocean_menu_link_color_active":"","ocean_menu_link_background":"","ocean_menu_link_hover_background":"","ocean_menu_link_active_background":"","ocean_menu_social_links_bg":"","ocean_menu_social_hover_links_bg":"","ocean_menu_social_links_color":"","ocean_menu_social_hover_links_color":"","ocean_disable_title":"default","ocean_disable_heading":"default","ocean_post_title":"","ocean_post_subheading":"","ocean_post_title_style":"","ocean_post_title_background_color":"","ocean_post_title_background":0,"ocean_post_title_bg_image_position":"","ocean_post_title_bg_image_attachment":"","ocean_post_title_bg_image_repeat":"","ocean_post_title_bg_image_size":"","ocean_post_title_height":0,"ocean_post_title_bg_overlay":0.5,"ocean_post_title_bg_overlay_color":"","ocean_disable_breadcrumbs":"default","ocean_breadcrumbs_color":"","ocean_breadcrumbs_separator_color":"","ocean_breadcrumbs_links_color":"","ocean_breadcrumbs_links_hover_color":"","ocean_display_footer_widgets":"default","ocean_display_footer_bottom":"default","ocean_custom_footer_template":"","footnotes":""},"class_list":["post-117","page","type-page","status-publish","hentry","entry"],"yoast_head":"<!-- This site is optimized with the Yoast SEO plugin v27.2 - https:\/\/yoast.com\/product\/yoast-seo-wordpress\/ -->\n<title>Datenschutz - KleineZwerge-Schlafcoaching<\/title>\n<meta name=\"description\" content=\"Profitieren Sie von professionellem Kleinkinder und Babyschlafcoaching f\u00fcr gesunden und stressfreien Schlaf in Ihrer Familie.\" \/>\n<meta name=\"robots\" content=\"index, follow, max-snippet:-1, max-image-preview:large, max-video-preview:-1\" \/>\n<link rel=\"canonical\" href=\"https:\/\/www.kleinezwerge-schlafcoaching.ch\/?page_id=117\" \/>\n<meta property=\"og:locale\" content=\"de_DE\" \/>\n<meta property=\"og:type\" content=\"article\" \/>\n<meta property=\"og:title\" content=\"Datenschutz - KleineZwerge-Schlafcoaching\" \/>\n<meta property=\"og:description\" content=\"Profitieren Sie von professionellem Kleinkinder und Babyschlafcoaching f\u00fcr gesunden und stressfreien Schlaf in Ihrer Familie.\" \/>\n<meta property=\"og:url\" content=\"https:\/\/www.kleinezwerge-schlafcoaching.ch\/?page_id=117\" \/>\n<meta property=\"og:site_name\" content=\"KleineZwerge-Schlafcoaching\" \/>\n<meta property=\"article:modified_time\" content=\"2026-04-16T08:06:58+00:00\" \/>\n<meta name=\"twitter:card\" content=\"summary_large_image\" \/>\n<meta name=\"twitter:label1\" content=\"Gesch\u00e4tzte Lesezeit\" \/>\n\t<meta name=\"twitter:data1\" content=\"2\u00a0Minuten\" \/>\n<script type=\"application\/ld+json\" class=\"yoast-schema-graph\">{\"@context\":\"https:\/\/schema.org\",\"@graph\":[{\"@type\":\"WebPage\",\"@id\":\"https:\/\/www.kleinezwerge-schlafcoaching.ch\/?page_id=117\",\"url\":\"https:\/\/www.kleinezwerge-schlafcoaching.ch\/?page_id=117\",\"name\":\"Datenschutz - KleineZwerge-Schlafcoaching\",\"isPartOf\":{\"@id\":\"https:\/\/www.kleinezwerge-schlafcoaching.ch\/#website\"},\"datePublished\":\"2026-04-16T07:51:57+00:00\",\"dateModified\":\"2026-04-16T08:06:58+00:00\",\"description\":\"Profitieren Sie von professionellem Kleinkinder und Babyschlafcoaching f\u00fcr gesunden und stressfreien Schlaf in Ihrer Familie.\",\"breadcrumb\":{\"@id\":\"https:\/\/www.kleinezwerge-schlafcoaching.ch\/?page_id=117#breadcrumb\"},\"inLanguage\":\"de\",\"potentialAction\":[{\"@type\":\"ReadAction\",\"target\":[\"https:\/\/www.kleinezwerge-schlafcoaching.ch\/?page_id=117\"]}]},{\"@type\":\"BreadcrumbList\",\"@id\":\"https:\/\/www.kleinezwerge-schlafcoaching.ch\/?page_id=117#breadcrumb\",\"itemListElement\":[{\"@type\":\"ListItem\",\"position\":1,\"name\":\"Start\",\"item\":\"https:\/\/www.kleinezwerge-schlafcoaching.ch\/\"},{\"@type\":\"ListItem\",\"position\":2,\"name\":\"Datenschutz\"}]},{\"@type\":\"WebSite\",\"@id\":\"https:\/\/www.kleinezwerge-schlafcoaching.ch\/#website\",\"url\":\"https:\/\/www.kleinezwerge-schlafcoaching.ch\/\",\"name\":\"KleineZwerge-Schlafcoaching\",\"description\":\"Gemeinsam zu ruhigen N\u00e4chten\",\"publisher\":{\"@id\":\"https:\/\/www.kleinezwerge-schlafcoaching.ch\/#organization\"},\"potentialAction\":[{\"@type\":\"SearchAction\",\"target\":{\"@type\":\"EntryPoint\",\"urlTemplate\":\"https:\/\/www.kleinezwerge-schlafcoaching.ch\/?s={search_term_string}\"},\"query-input\":{\"@type\":\"PropertyValueSpecification\",\"valueRequired\":true,\"valueName\":\"search_term_string\"}}],\"inLanguage\":\"de\"},{\"@type\":\"Organization\",\"@id\":\"https:\/\/www.kleinezwerge-schlafcoaching.ch\/#organization\",\"name\":\"KleineZwerge-Schlafcoaching\",\"url\":\"https:\/\/www.kleinezwerge-schlafcoaching.ch\/\",\"logo\":{\"@type\":\"ImageObject\",\"inLanguage\":\"de\",\"@id\":\"https:\/\/www.kleinezwerge-schlafcoaching.ch\/#\/schema\/logo\/image\/\",\"url\":\"https:\/\/www.kleinezwerge-schlafcoaching.ch\/wp-content\/uploads\/2026\/03\/cropped-Finallogo-Schlafzwerg-2.png\",\"contentUrl\":\"https:\/\/www.kleinezwerge-schlafcoaching.ch\/wp-content\/uploads\/2026\/03\/cropped-Finallogo-Schlafzwerg-2.png\",\"width\":899,\"height\":845,\"caption\":\"KleineZwerge-Schlafcoaching\"},\"image\":{\"@id\":\"https:\/\/www.kleinezwerge-schlafcoaching.ch\/#\/schema\/logo\/image\/\"}}]}<\/script>\n<!-- \/ Yoast SEO plugin. -->","yoast_head_json":{"title":"Datenschutz - KleineZwerge-Schlafcoaching","description":"Profitieren Sie von professionellem Kleinkinder und Babyschlafcoaching f\u00fcr gesunden und stressfreien Schlaf in Ihrer Familie.","robots":{"index":"index","follow":"follow","max-snippet":"max-snippet:-1","max-image-preview":"max-image-preview:large","max-video-preview":"max-video-preview:-1"},"canonical":"https:\/\/www.kleinezwerge-schlafcoaching.ch\/?page_id=117","og_locale":"de_DE","og_type":"article","og_title":"Datenschutz - KleineZwerge-Schlafcoaching","og_description":"Profitieren Sie von professionellem Kleinkinder und Babyschlafcoaching f\u00fcr gesunden und stressfreien Schlaf in Ihrer Familie.","og_url":"https:\/\/www.kleinezwerge-schlafcoaching.ch\/?page_id=117","og_site_name":"KleineZwerge-Schlafcoaching","article_modified_time":"2026-04-16T08:06:58+00:00","twitter_card":"summary_large_image","twitter_misc":{"Gesch\u00e4tzte Lesezeit":"2\u00a0Minuten"},"schema":{"@context":"https:\/\/schema.org","@graph":[{"@type":"WebPage","@id":"https:\/\/www.kleinezwerge-schlafcoaching.ch\/?page_id=117","url":"https:\/\/www.kleinezwerge-schlafcoaching.ch\/?page_id=117","name":"Datenschutz - KleineZwerge-Schlafcoaching","isPartOf":{"@id":"https:\/\/www.kleinezwerge-schlafcoaching.ch\/#website"},"datePublished":"2026-04-16T07:51:57+00:00","dateModified":"2026-04-16T08:06:58+00:00","description":"Profitieren Sie von professionellem Kleinkinder und Babyschlafcoaching f\u00fcr gesunden und stressfreien Schlaf in Ihrer Familie.","breadcrumb":{"@id":"https:\/\/www.kleinezwerge-schlafcoaching.ch\/?page_id=117#breadcrumb"},"inLanguage":"de","potentialAction":[{"@type":"ReadAction","target":["https:\/\/www.kleinezwerge-schlafcoaching.ch\/?page_id=117"]}]},{"@type":"BreadcrumbList","@id":"https:\/\/www.kleinezwerge-schlafcoaching.ch\/?page_id=117#breadcrumb","itemListElement":[{"@type":"ListItem","position":1,"name":"Start","item":"https:\/\/www.kleinezwerge-schlafcoaching.ch\/"},{"@type":"ListItem","position":2,"name":"Datenschutz"}]},{"@type":"WebSite","@id":"https:\/\/www.kleinezwerge-schlafcoaching.ch\/#website","url":"https:\/\/www.kleinezwerge-schlafcoaching.ch\/","name":"KleineZwerge-Schlafcoaching","description":"Gemeinsam zu ruhigen N\u00e4chten","publisher":{"@id":"https:\/\/www.kleinezwerge-schlafcoaching.ch\/#organization"},"potentialAction":[{"@type":"SearchAction","target":{"@type":"EntryPoint","urlTemplate":"https:\/\/www.kleinezwerge-schlafcoaching.ch\/?s={search_term_string}"},"query-input":{"@type":"PropertyValueSpecification","valueRequired":true,"valueName":"search_term_string"}}],"inLanguage":"de"},{"@type":"Organization","@id":"https:\/\/www.kleinezwerge-schlafcoaching.ch\/#organization","name":"KleineZwerge-Schlafcoaching","url":"https:\/\/www.kleinezwerge-schlafcoaching.ch\/","logo":{"@type":"ImageObject","inLanguage":"de","@id":"https:\/\/www.kleinezwerge-schlafcoaching.ch\/#\/schema\/logo\/image\/","url":"https:\/\/www.kleinezwerge-schlafcoaching.ch\/wp-content\/uploads\/2026\/03\/cropped-Finallogo-Schlafzwerg-2.png","contentUrl":"https:\/\/www.kleinezwerge-schlafcoaching.ch\/wp-content\/uploads\/2026\/03\/cropped-Finallogo-Schlafzwerg-2.png","width":899,"height":845,"caption":"KleineZwerge-Schlafcoaching"},"image":{"@id":"https:\/\/www.kleinezwerge-schlafcoaching.ch\/#\/schema\/logo\/image\/"}}]}},"_links":{"self":[{"href":"https:\/\/www.kleinezwerge-schlafcoaching.ch\/index.php?rest_route=\/wp\/v2\/pages\/117","targetHints":{"allow":["GET"]}}],"collection":[{"href":"https:\/\/www.kleinezwerge-schlafcoaching.ch\/index.php?rest_route=\/wp\/v2\/pages"}],"about":[{"href":"https:\/\/www.kleinezwerge-schlafcoaching.ch\/index.php?rest_route=\/wp\/v2\/types\/page"}],"author":[{"embeddable":true,"href":"https:\/\/www.kleinezwerge-schlafcoaching.ch\/index.php?rest_route=\/wp\/v2\/users\/1"}],"replies":[{"embeddable":true,"href":"https:\/\/www.kleinezwerge-schlafcoaching.ch\/index.php?rest_route=%2Fwp%2Fv2%2Fcomments&post=117"}],"version-history":[{"count":4,"href":"https:\/\/www.kleinezwerge-schlafcoaching.ch\/index.php?rest_route=\/wp\/v2\/pages\/117\/revisions"}],"predecessor-version":[{"id":124,"href":"https:\/\/www.kleinezwerge-schlafcoaching.ch\/index.php?rest_route=\/wp\/v2\/pages\/117\/revisions\/124"}],"wp:attachment":[{"href":"https:\/\/www.kleinezwerge-schlafcoaching.ch\/index.php?rest_route=%2Fwp%2Fv2%2Fmedia&parent=117"}],"curies":[{"name":"wp","href":"https:\/\/api.w.org\/{rel}","templated":true}]}}