{"id":27,"date":"2026-03-19T11:41:47","date_gmt":"2026-03-19T11:41:47","guid":{"rendered":"https:\/\/www.kleinezwerge-schlafcoaching.ch\/?page_id=27"},"modified":"2026-04-16T08:18:04","modified_gmt":"2026-04-16T08:18:04","slug":"schlafcoaching-kleinezwerge-schlafcoaching","status":"publish","type":"page","link":"https:\/\/www.kleinezwerge-schlafcoaching.ch\/","title":{"rendered":"Schlafcoaching"},"content":{"rendered":"\t\t<div data-elementor-type=\"wp-page\" data-elementor-id=\"27\" class=\"elementor elementor-27\">\n\t\t\t\t<div class=\"elementor-element elementor-element-663dd24 e-flex e-con-boxed e-con e-parent\" data-id=\"663dd24\" data-element_type=\"container\" data-e-type=\"container\">\n\t\t\t\t\t<div class=\"e-con-inner\">\n\t\t\t\t<div class=\"elementor-element elementor-element-698e7ce elementor-widget elementor-widget-heading\" data-id=\"698e7ce\" data-element_type=\"widget\" data-e-type=\"widget\" data-widget_type=\"heading.default\">\n\t\t\t\t\t<h2 class=\"elementor-heading-title elementor-size-default\">So sch\u00f6n, dass du hier bist.<\/h2>\t\t\t\t<\/div>\n\t\t\t\t<div class=\"elementor-element elementor-element-4171f96 elementor-widget elementor-widget-text-editor\" data-id=\"4171f96\" data-element_type=\"widget\" data-e-type=\"widget\" data-widget_type=\"text-editor.default\">\n\t\t\t\t\t\t\t\t\t<p>Vielleicht liest du diese Zeilen nach einer weiteren kurzen Nacht.<br \/>Vielleicht bist du m\u00fcde, ersch\u00f6pft und fragst dich immer wieder, warum dein Baby oder Kleinkind einfach nicht schlafen kann.<br \/><br \/>Du hast schon so vieles ausprobiert, Ratschl\u00e4ge geh\u00f6rt, gegoogelt, gezweifelt \u2013 an dir, an euch, an allem. Und trotzdem f\u00fchlt sich eure Schlafsituation festgefahren an. Der Wunsch nach mehr Ruhe, nach l\u00e4ngeren Schlafphasen und nach einem entspannten Familienalltag wird immer gr\u00f6\u00dfer.<br \/><br \/>Ich kenne diese Gedanken. Die Fragen nach dem Warum, das n\u00e4chtliche Wachliegen, die Hoffnung auf die eine L\u00f6sung. Doch diese gibt es nicht \u2013 weil jedes Kind einzigartig ist und jede Familie ihren ganz eigenen Weg hat.<br \/><br \/>Genau hier setze ich an. In meinem bed\u00fcrfnisorientierten Baby- und Kleinkind-Schlafcoaching begleite ich dich liebevoll und individuell. Schritt f\u00fcr Schritt finden wir gemeinsam einen Weg, der zu deinem Kind und zu euch als Familie passt \u2013 f\u00fcr mehr Vertrauen, mehr Ruhe und N\u00e4chte, die sich wieder leichter anf\u00fchlen.<br \/><br \/>Du musst diesen Weg nicht alleine gehen.<\/p>\t\t\t\t\t\t\t\t<\/div>\n\t\t\t\t\t<\/div>\n\t\t\t\t<\/div>\n\t\t<div class=\"elementor-element elementor-element-8b4f03d e-flex e-con-boxed e-con e-parent\" data-id=\"8b4f03d\" data-element_type=\"container\" data-e-type=\"container\">\n\t\t\t\t\t<div class=\"e-con-inner\">\n\t\t\t\t<div class=\"elementor-element elementor-element-09d584c elementor-widget elementor-widget-heading\" data-id=\"09d584c\" data-element_type=\"widget\" data-e-type=\"widget\" data-widget_type=\"heading.default\">\n\t\t\t\t\t<h2 class=\"elementor-heading-title elementor-size-default\">Endlich wieder Ruhe f\u00fcr dich und dein Kind.<\/h2>\t\t\t\t<\/div>\n\t\t\t\t<div class=\"elementor-element elementor-element-dc51473 elementor-widget elementor-widget-text-editor\" data-id=\"dc51473\" data-element_type=\"widget\" data-e-type=\"widget\" data-widget_type=\"text-editor.default\">\n\t\t\t\t\t\t\t\t\t<p>Schlafcoaching zeigt euch sanfte Wege, wie dein Kind Schritt f\u00fcr Schritt geborgen einschlafen und durchschlafen kann \u2013 ohne Schreienlassen, bindungsorientiert und individuell auf eure Familie abgestimmt.<\/p>\t\t\t\t\t\t\t\t<\/div>\n\t\t\t\t\t<\/div>\n\t\t\t\t<\/div>\n\t\t<div class=\"elementor-element elementor-element-4cce722 e-flex e-con-boxed e-con e-parent\" data-id=\"4cce722\" data-element_type=\"container\" data-e-type=\"container\">\n\t\t\t\t\t<div class=\"e-con-inner\">\n\t\t\t\t<div class=\"elementor-element elementor-element-d18ada6 elementor-widget elementor-widget-heading\" data-id=\"d18ada6\" data-element_type=\"widget\" data-e-type=\"widget\" data-widget_type=\"heading.default\">\n\t\t\t\t\t<h2 class=\"elementor-heading-title elementor-size-default\">Dein Weg zu erholsamen N\u00e4chten<\/h2>\t\t\t\t<\/div>\n\t\t\t\t<div class=\"elementor-element elementor-element-b7a06b8 elementor-widget elementor-widget-text-editor\" data-id=\"b7a06b8\" data-element_type=\"widget\" data-e-type=\"widget\" data-widget_type=\"text-editor.default\">\n\t\t\t\t\t\t\t\t\t<p style=\"text-align: center;\" align=\"center\">Ich begleite dich und dein Kind liebevoll auf dem Weg zu mehr Ruhe, Sicherheit und entspannten Tagen. Mein Ziel ist es, dass ihr euren Alltag wieder genie\u00dfen k\u00f6nnt \u2013 ohne dass das Thema Schlaf st\u00e4ndig im Vordergrund steht.<\/p><p style=\"text-align: center;\" align=\"center\">Mit meiner jahrelangen Erfahrung in der Arbeit mit Babys, Kindern und Eltern entwickle ich individuelle L\u00f6sungen, die zu deinem Kind und eurer Familie passen.<\/p>\t\t\t\t\t\t\t\t<\/div>\n\t\t\t\t\t<\/div>\n\t\t\t\t<\/div>\n\t\t\t\t<\/div>\n\t\t","protected":false},"excerpt":{"rendered":"<p>So sch\u00f6n, dass du hier bist. Vielleicht liest du diese Zeilen nach einer weiteren kurzen Nacht.Vielleicht bist du m\u00fcde, ersch\u00f6pft und fragst dich immer wieder, warum dein Baby oder Kleinkind einfach nicht schlafen kann. Du hast schon so vieles ausprobiert, Ratschl\u00e4ge geh\u00f6rt, gegoogelt, gezweifelt \u2013 an dir, an euch, an allem. Und trotzdem f\u00fchlt sich [&hellip;]<\/p>\n","protected":false},"author":1,"featured_media":44,"parent":0,"menu_order":0,"comment_status":"closed","ping_status":"closed","template":"","meta":{"ocean_post_layout":"","ocean_both_sidebars_style":"","ocean_both_sidebars_content_width":0,"ocean_both_sidebars_sidebars_width":0,"ocean_sidebar":"","ocean_second_sidebar":"","ocean_disable_margins":"enable","ocean_add_body_class":"","ocean_shortcode_before_top_bar":"","ocean_shortcode_after_top_bar":"","ocean_shortcode_before_header":"","ocean_shortcode_after_header":"","ocean_has_shortcode":"","ocean_shortcode_after_title":"","ocean_shortcode_before_footer_widgets":"","ocean_shortcode_after_footer_widgets":"","ocean_shortcode_before_footer_bottom":"","ocean_shortcode_after_footer_bottom":"","ocean_display_top_bar":"default","ocean_display_header":"default","ocean_header_style":"","ocean_center_header_left_menu":"","ocean_custom_header_template":"","ocean_custom_logo":0,"ocean_custom_retina_logo":0,"ocean_custom_logo_max_width":0,"ocean_custom_logo_tablet_max_width":0,"ocean_custom_logo_mobile_max_width":0,"ocean_custom_logo_max_height":0,"ocean_custom_logo_tablet_max_height":0,"ocean_custom_logo_mobile_max_height":0,"ocean_header_custom_menu":"","ocean_menu_typo_font_family":"","ocean_menu_typo_font_subset":"","ocean_menu_typo_font_size":0,"ocean_menu_typo_font_size_tablet":0,"ocean_menu_typo_font_size_mobile":0,"ocean_menu_typo_font_size_unit":"px","ocean_menu_typo_font_weight":"","ocean_menu_typo_font_weight_tablet":"","ocean_menu_typo_font_weight_mobile":"","ocean_menu_typo_transform":"","ocean_menu_typo_transform_tablet":"","ocean_menu_typo_transform_mobile":"","ocean_menu_typo_line_height":0,"ocean_menu_typo_line_height_tablet":0,"ocean_menu_typo_line_height_mobile":0,"ocean_menu_typo_line_height_unit":"","ocean_menu_typo_spacing":0,"ocean_menu_typo_spacing_tablet":0,"ocean_menu_typo_spacing_mobile":0,"ocean_menu_typo_spacing_unit":"","ocean_menu_link_color":"","ocean_menu_link_color_hover":"","ocean_menu_link_color_active":"","ocean_menu_link_background":"","ocean_menu_link_hover_background":"","ocean_menu_link_active_background":"","ocean_menu_social_links_bg":"","ocean_menu_social_hover_links_bg":"","ocean_menu_social_links_color":"","ocean_menu_social_hover_links_color":"","ocean_disable_title":"default","ocean_disable_heading":"default","ocean_post_title":"","ocean_post_subheading":"","ocean_post_title_style":"","ocean_post_title_background_color":"","ocean_post_title_background":0,"ocean_post_title_bg_image_position":"","ocean_post_title_bg_image_attachment":"","ocean_post_title_bg_image_repeat":"","ocean_post_title_bg_image_size":"","ocean_post_title_height":0,"ocean_post_title_bg_overlay":0.5,"ocean_post_title_bg_overlay_color":"","ocean_disable_breadcrumbs":"default","ocean_breadcrumbs_color":"","ocean_breadcrumbs_separator_color":"","ocean_breadcrumbs_links_color":"","ocean_breadcrumbs_links_hover_color":"","ocean_display_footer_widgets":"default","ocean_display_footer_bottom":"default","ocean_custom_footer_template":"","footnotes":""},"class_list":["post-27","page","type-page","status-publish","has-post-thumbnail","hentry","entry","has-media"],"yoast_head":"<!-- This site is optimized with the Yoast SEO plugin v27.2 - https:\/\/yoast.com\/product\/yoast-seo-wordpress\/ -->\n<title>Schlafcoaching - KleineZwerge-Schlafcoaching<\/title>\n<meta name=\"description\" content=\"Profitieren Sie von professionellem Kleinkinder und Babyschlafcoaching f\u00fcr gesunden und stressfreien Schlaf in Ihrer Familie.\" \/>\n<meta name=\"robots\" content=\"index, follow, max-snippet:-1, max-image-preview:large, max-video-preview:-1\" \/>\n<link rel=\"canonical\" href=\"https:\/\/www.kleinezwerge-schlafcoaching.ch\/\" \/>\n<meta property=\"og:locale\" content=\"de_DE\" \/>\n<meta property=\"og:type\" content=\"article\" \/>\n<meta property=\"og:title\" content=\"Schlafcoaching - KleineZwerge-Schlafcoaching\" \/>\n<meta property=\"og:description\" content=\"Profitieren Sie von professionellem Kleinkinder und Babyschlafcoaching f\u00fcr gesunden und stressfreien Schlaf in Ihrer Familie.\" \/>\n<meta property=\"og:url\" content=\"https:\/\/www.kleinezwerge-schlafcoaching.ch\/\" \/>\n<meta property=\"og:site_name\" content=\"KleineZwerge-Schlafcoaching\" \/>\n<meta property=\"article:modified_time\" content=\"2026-04-16T08:18:04+00:00\" \/>\n<meta property=\"og:image\" content=\"https:\/\/www.kleinezwerge-schlafcoaching.ch\/wp-content\/uploads\/2026\/03\/cropped-cropped-Finallogo-Schlafzwerg-2.png\" \/>\n\t<meta property=\"og:image:width\" content=\"512\" \/>\n\t<meta property=\"og:image:height\" content=\"512\" \/>\n\t<meta property=\"og:image:type\" content=\"image\/png\" \/>\n<meta name=\"twitter:card\" content=\"summary_large_image\" \/>\n<meta name=\"twitter:label1\" content=\"Gesch\u00e4tzte Lesezeit\" \/>\n\t<meta name=\"twitter:data1\" content=\"2\u00a0Minuten\" \/>\n<script type=\"application\/ld+json\" class=\"yoast-schema-graph\">{\"@context\":\"https:\/\/schema.org\",\"@graph\":[{\"@type\":\"WebPage\",\"@id\":\"https:\/\/www.kleinezwerge-schlafcoaching.ch\/\",\"url\":\"https:\/\/www.kleinezwerge-schlafcoaching.ch\/\",\"name\":\"Schlafcoaching - KleineZwerge-Schlafcoaching\",\"isPartOf\":{\"@id\":\"https:\/\/www.kleinezwerge-schlafcoaching.ch\/#website\"},\"primaryImageOfPage\":{\"@id\":\"https:\/\/www.kleinezwerge-schlafcoaching.ch\/#primaryimage\"},\"image\":{\"@id\":\"https:\/\/www.kleinezwerge-schlafcoaching.ch\/#primaryimage\"},\"thumbnailUrl\":\"https:\/\/www.kleinezwerge-schlafcoaching.ch\/wp-content\/uploads\/2026\/03\/cropped-cropped-Finallogo-Schlafzwerg-2.png\",\"datePublished\":\"2026-03-19T11:41:47+00:00\",\"dateModified\":\"2026-04-16T08:18:04+00:00\",\"description\":\"Profitieren Sie von professionellem Kleinkinder und Babyschlafcoaching f\u00fcr gesunden und stressfreien Schlaf in Ihrer Familie.\",\"breadcrumb\":{\"@id\":\"https:\/\/www.kleinezwerge-schlafcoaching.ch\/#breadcrumb\"},\"inLanguage\":\"de\",\"potentialAction\":[{\"@type\":\"ReadAction\",\"target\":[\"https:\/\/www.kleinezwerge-schlafcoaching.ch\/\"]}]},{\"@type\":\"ImageObject\",\"inLanguage\":\"de\",\"@id\":\"https:\/\/www.kleinezwerge-schlafcoaching.ch\/#primaryimage\",\"url\":\"https:\/\/www.kleinezwerge-schlafcoaching.ch\/wp-content\/uploads\/2026\/03\/cropped-cropped-Finallogo-Schlafzwerg-2.png\",\"contentUrl\":\"https:\/\/www.kleinezwerge-schlafcoaching.ch\/wp-content\/uploads\/2026\/03\/cropped-cropped-Finallogo-Schlafzwerg-2.png\",\"width\":512,\"height\":512,\"caption\":\"Favicon Baby Kleinkinder Schlafcoaching KleineZwerge-Schlafcoaching Schlafberatung\"},{\"@type\":\"BreadcrumbList\",\"@id\":\"https:\/\/www.kleinezwerge-schlafcoaching.ch\/#breadcrumb\",\"itemListElement\":[{\"@type\":\"ListItem\",\"position\":1,\"name\":\"Start\",\"item\":\"https:\/\/www.kleinezwerge-schlafcoaching.ch\/\"},{\"@type\":\"ListItem\",\"position\":2,\"name\":\"Schlafcoaching\"}]},{\"@type\":\"WebSite\",\"@id\":\"https:\/\/www.kleinezwerge-schlafcoaching.ch\/#website\",\"url\":\"https:\/\/www.kleinezwerge-schlafcoaching.ch\/\",\"name\":\"KleineZwerge-Schlafcoaching\",\"description\":\"Gemeinsam zu ruhigen N\u00e4chten\",\"publisher\":{\"@id\":\"https:\/\/www.kleinezwerge-schlafcoaching.ch\/#organization\"},\"potentialAction\":[{\"@type\":\"SearchAction\",\"target\":{\"@type\":\"EntryPoint\",\"urlTemplate\":\"https:\/\/www.kleinezwerge-schlafcoaching.ch\/?s={search_term_string}\"},\"query-input\":{\"@type\":\"PropertyValueSpecification\",\"valueRequired\":true,\"valueName\":\"search_term_string\"}}],\"inLanguage\":\"de\"},{\"@type\":\"Organization\",\"@id\":\"https:\/\/www.kleinezwerge-schlafcoaching.ch\/#organization\",\"name\":\"KleineZwerge-Schlafcoaching\",\"url\":\"https:\/\/www.kleinezwerge-schlafcoaching.ch\/\",\"logo\":{\"@type\":\"ImageObject\",\"inLanguage\":\"de\",\"@id\":\"https:\/\/www.kleinezwerge-schlafcoaching.ch\/#\/schema\/logo\/image\/\",\"url\":\"https:\/\/www.kleinezwerge-schlafcoaching.ch\/wp-content\/uploads\/2026\/03\/cropped-Finallogo-Schlafzwerg-2.png\",\"contentUrl\":\"https:\/\/www.kleinezwerge-schlafcoaching.ch\/wp-content\/uploads\/2026\/03\/cropped-Finallogo-Schlafzwerg-2.png\",\"width\":899,\"height\":845,\"caption\":\"KleineZwerge-Schlafcoaching\"},\"image\":{\"@id\":\"https:\/\/www.kleinezwerge-schlafcoaching.ch\/#\/schema\/logo\/image\/\"}}]}<\/script>\n<!-- \/ Yoast SEO plugin. -->","yoast_head_json":{"title":"Schlafcoaching - KleineZwerge-Schlafcoaching","description":"Profitieren Sie von professionellem Kleinkinder und Babyschlafcoaching f\u00fcr gesunden und stressfreien Schlaf in Ihrer Familie.","robots":{"index":"index","follow":"follow","max-snippet":"max-snippet:-1","max-image-preview":"max-image-preview:large","max-video-preview":"max-video-preview:-1"},"canonical":"https:\/\/www.kleinezwerge-schlafcoaching.ch\/","og_locale":"de_DE","og_type":"article","og_title":"Schlafcoaching - KleineZwerge-Schlafcoaching","og_description":"Profitieren Sie von professionellem Kleinkinder und Babyschlafcoaching f\u00fcr gesunden und stressfreien Schlaf in Ihrer Familie.","og_url":"https:\/\/www.kleinezwerge-schlafcoaching.ch\/","og_site_name":"KleineZwerge-Schlafcoaching","article_modified_time":"2026-04-16T08:18:04+00:00","og_image":[{"width":512,"height":512,"url":"https:\/\/www.kleinezwerge-schlafcoaching.ch\/wp-content\/uploads\/2026\/03\/cropped-cropped-Finallogo-Schlafzwerg-2.png","type":"image\/png"}],"twitter_card":"summary_large_image","twitter_misc":{"Gesch\u00e4tzte Lesezeit":"2\u00a0Minuten"},"schema":{"@context":"https:\/\/schema.org","@graph":[{"@type":"WebPage","@id":"https:\/\/www.kleinezwerge-schlafcoaching.ch\/","url":"https:\/\/www.kleinezwerge-schlafcoaching.ch\/","name":"Schlafcoaching - KleineZwerge-Schlafcoaching","isPartOf":{"@id":"https:\/\/www.kleinezwerge-schlafcoaching.ch\/#website"},"primaryImageOfPage":{"@id":"https:\/\/www.kleinezwerge-schlafcoaching.ch\/#primaryimage"},"image":{"@id":"https:\/\/www.kleinezwerge-schlafcoaching.ch\/#primaryimage"},"thumbnailUrl":"https:\/\/www.kleinezwerge-schlafcoaching.ch\/wp-content\/uploads\/2026\/03\/cropped-cropped-Finallogo-Schlafzwerg-2.png","datePublished":"2026-03-19T11:41:47+00:00","dateModified":"2026-04-16T08:18:04+00:00","description":"Profitieren Sie von professionellem Kleinkinder und Babyschlafcoaching f\u00fcr gesunden und stressfreien Schlaf in Ihrer Familie.","breadcrumb":{"@id":"https:\/\/www.kleinezwerge-schlafcoaching.ch\/#breadcrumb"},"inLanguage":"de","potentialAction":[{"@type":"ReadAction","target":["https:\/\/www.kleinezwerge-schlafcoaching.ch\/"]}]},{"@type":"ImageObject","inLanguage":"de","@id":"https:\/\/www.kleinezwerge-schlafcoaching.ch\/#primaryimage","url":"https:\/\/www.kleinezwerge-schlafcoaching.ch\/wp-content\/uploads\/2026\/03\/cropped-cropped-Finallogo-Schlafzwerg-2.png","contentUrl":"https:\/\/www.kleinezwerge-schlafcoaching.ch\/wp-content\/uploads\/2026\/03\/cropped-cropped-Finallogo-Schlafzwerg-2.png","width":512,"height":512,"caption":"Favicon Baby Kleinkinder Schlafcoaching KleineZwerge-Schlafcoaching Schlafberatung"},{"@type":"BreadcrumbList","@id":"https:\/\/www.kleinezwerge-schlafcoaching.ch\/#breadcrumb","itemListElement":[{"@type":"ListItem","position":1,"name":"Start","item":"https:\/\/www.kleinezwerge-schlafcoaching.ch\/"},{"@type":"ListItem","position":2,"name":"Schlafcoaching"}]},{"@type":"WebSite","@id":"https:\/\/www.kleinezwerge-schlafcoaching.ch\/#website","url":"https:\/\/www.kleinezwerge-schlafcoaching.ch\/","name":"KleineZwerge-Schlafcoaching","description":"Gemeinsam zu ruhigen N\u00e4chten","publisher":{"@id":"https:\/\/www.kleinezwerge-schlafcoaching.ch\/#organization"},"potentialAction":[{"@type":"SearchAction","target":{"@type":"EntryPoint","urlTemplate":"https:\/\/www.kleinezwerge-schlafcoaching.ch\/?s={search_term_string}"},"query-input":{"@type":"PropertyValueSpecification","valueRequired":true,"valueName":"search_term_string"}}],"inLanguage":"de"},{"@type":"Organization","@id":"https:\/\/www.kleinezwerge-schlafcoaching.ch\/#organization","name":"KleineZwerge-Schlafcoaching","url":"https:\/\/www.kleinezwerge-schlafcoaching.ch\/","logo":{"@type":"ImageObject","inLanguage":"de","@id":"https:\/\/www.kleinezwerge-schlafcoaching.ch\/#\/schema\/logo\/image\/","url":"https:\/\/www.kleinezwerge-schlafcoaching.ch\/wp-content\/uploads\/2026\/03\/cropped-Finallogo-Schlafzwerg-2.png","contentUrl":"https:\/\/www.kleinezwerge-schlafcoaching.ch\/wp-content\/uploads\/2026\/03\/cropped-Finallogo-Schlafzwerg-2.png","width":899,"height":845,"caption":"KleineZwerge-Schlafcoaching"},"image":{"@id":"https:\/\/www.kleinezwerge-schlafcoaching.ch\/#\/schema\/logo\/image\/"}}]}},"_links":{"self":[{"href":"https:\/\/www.kleinezwerge-schlafcoaching.ch\/index.php?rest_route=\/wp\/v2\/pages\/27","targetHints":{"allow":["GET"]}}],"collection":[{"href":"https:\/\/www.kleinezwerge-schlafcoaching.ch\/index.php?rest_route=\/wp\/v2\/pages"}],"about":[{"href":"https:\/\/www.kleinezwerge-schlafcoaching.ch\/index.php?rest_route=\/wp\/v2\/types\/page"}],"author":[{"embeddable":true,"href":"https:\/\/www.kleinezwerge-schlafcoaching.ch\/index.php?rest_route=\/wp\/v2\/users\/1"}],"replies":[{"embeddable":true,"href":"https:\/\/www.kleinezwerge-schlafcoaching.ch\/index.php?rest_route=%2Fwp%2Fv2%2Fcomments&post=27"}],"version-history":[{"count":4,"href":"https:\/\/www.kleinezwerge-schlafcoaching.ch\/index.php?rest_route=\/wp\/v2\/pages\/27\/revisions"}],"predecessor-version":[{"id":63,"href":"https:\/\/www.kleinezwerge-schlafcoaching.ch\/index.php?rest_route=\/wp\/v2\/pages\/27\/revisions\/63"}],"wp:featuredmedia":[{"embeddable":true,"href":"https:\/\/www.kleinezwerge-schlafcoaching.ch\/index.php?rest_route=\/wp\/v2\/media\/44"}],"wp:attachment":[{"href":"https:\/\/www.kleinezwerge-schlafcoaching.ch\/index.php?rest_route=%2Fwp%2Fv2%2Fmedia&parent=27"}],"curies":[{"name":"wp","href":"https:\/\/api.w.org\/{rel}","templated":true}]}}