{"id":85,"date":"2026-03-20T10:55:22","date_gmt":"2026-03-20T10:55:22","guid":{"rendered":"https:\/\/www.kleinezwerge-schlafcoaching.ch\/?page_id=85"},"modified":"2026-04-16T08:13:43","modified_gmt":"2026-04-16T08:13:43","slug":"angebot-kleinezwerge-schlafcoaching","status":"publish","type":"page","link":"https:\/\/www.kleinezwerge-schlafcoaching.ch\/?page_id=85","title":{"rendered":"Angebot"},"content":{"rendered":"\t\t<div data-elementor-type=\"wp-page\" data-elementor-id=\"85\" class=\"elementor elementor-85\">\n\t\t\t\t<div class=\"elementor-element elementor-element-fff0758 e-flex e-con-boxed e-con e-parent\" data-id=\"fff0758\" data-element_type=\"container\" data-e-type=\"container\">\n\t\t\t\t\t<div class=\"e-con-inner\">\n\t\t<div class=\"elementor-element elementor-element-3ad4ece e-con-full e-flex e-con e-child\" data-id=\"3ad4ece\" data-element_type=\"container\" data-e-type=\"container\">\n\t\t\t\t<div class=\"elementor-element elementor-element-5caa3c6 elementor-widget elementor-widget-heading\" data-id=\"5caa3c6\" data-element_type=\"widget\" data-e-type=\"widget\" data-widget_type=\"heading.default\">\n\t\t\t\t\t<h2 class=\"elementor-heading-title elementor-size-default\">Mein Schlafcoachingpaket<\/h2>\t\t\t\t<\/div>\n\t\t\t\t<div class=\"elementor-element elementor-element-abeeec8 elementor-widget elementor-widget-text-editor\" data-id=\"abeeec8\" data-element_type=\"widget\" data-e-type=\"widget\" data-widget_type=\"text-editor.default\">\n\t\t\t\t\t\t\t\t\t<p><strong>F\u00fcr Babys &amp; Kleinkinder ab 6 Monaten<\/strong><\/p><ul><li>Analysegespr\u00e4ch &amp; Protokollauswertung<\/li><li>Coachinggespr\u00e4ch &amp; individueller Plan<\/li><li>Abschlussgespr\u00e4ch<\/li><\/ul><p><strong>Kosten: <\/strong>auf Anfrage<\/p><p><strong>Ort:<\/strong> Zoom oder Telefon<\/p>\t\t\t\t\t\t\t\t<\/div>\n\t\t\t\t<\/div>\n\t\t<div class=\"elementor-element elementor-element-fb61457 e-con-full e-flex e-con e-child\" data-id=\"fb61457\" data-element_type=\"container\" data-e-type=\"container\">\n\t\t\t\t<div class=\"elementor-element elementor-element-0ac3728 elementor-widget elementor-widget-heading\" data-id=\"0ac3728\" data-element_type=\"widget\" data-e-type=\"widget\" data-widget_type=\"heading.default\">\n\t\t\t\t\t<h2 class=\"elementor-heading-title elementor-size-default\">Kurzberatung f\u00fcr einzelne Fragen<\/h2>\t\t\t\t<\/div>\n\t\t\t\t<div class=\"elementor-element elementor-element-dc63cf6 elementor-widget elementor-widget-text-editor\" data-id=\"dc63cf6\" data-element_type=\"widget\" data-e-type=\"widget\" data-widget_type=\"text-editor.default\">\n\t\t\t\t\t\t\t\t\t<ul><li>Wechsel ins eigene Zimmer<\/li><li>Einschlafrituale<\/li><li>Tagesrhythmus &amp; allgemeine Schlaffragen<\/li><\/ul><p><strong>Kosten:<\/strong> 95 CHF\/Stunde<br \/><strong>Ort:<\/strong> Zoom oder Telefon<\/p>\t\t\t\t\t\t\t\t<\/div>\n\t\t\t\t<\/div>\n\t\t\t\t\t<\/div>\n\t\t\t\t<\/div>\n\t\t<div class=\"elementor-element elementor-element-329a54a e-flex e-con-boxed e-con e-parent\" data-id=\"329a54a\" data-element_type=\"container\" data-e-type=\"container\">\n\t\t\t\t\t<div class=\"e-con-inner\">\n\t\t\t\t<div class=\"elementor-element elementor-element-80cf756 elementor-widget elementor-widget-heading\" data-id=\"80cf756\" data-element_type=\"widget\" data-e-type=\"widget\" data-widget_type=\"heading.default\">\n\t\t\t\t\t<h2 class=\"elementor-heading-title elementor-size-default\">Mein Schlafcoachingpaket Ablauf<\/h2>\t\t\t\t<\/div>\n\t\t\t\t<div class=\"elementor-element elementor-element-3477d0a elementor-widget elementor-widget-text-editor\" data-id=\"3477d0a\" data-element_type=\"widget\" data-e-type=\"widget\" data-widget_type=\"text-editor.default\">\n\t\t\t\t\t\t\t\t\t<ol><li><strong>Kostenloses Kennenlernen (ca. 15 Min)<\/strong><\/li><\/ol><p>Wir besprechen euer Anliegen, deine Fragen und die n\u00e4chsten Schritte. Danach erh\u00e4ltst du einen Protokollbogen f\u00fcr eine Woche, um den Schlafalltag deines Kindes zu dokumentieren.<\/p><p>\u00a0<\/p><ol start=\"2\"><li><strong>Analysegespr\u00e4ch (ca.2h)<\/strong><\/li><\/ol><p>Wir werten das Protokoll gemeinsam aus, identifizieren m\u00f6gliche Ursachen f\u00fcr Schlafprobleme und besprechen eure Wunschschlafsituation.<\/p><p>\u00a0<\/p><ol start=\"3\"><li><strong>Coachinggespr\u00e4ch (ca.2h) Individueller Schritt-f\u00fcr-Schritt-Plan<\/strong><\/li><\/ol><p>Du lernst, dein Kind zum eigenst\u00e4ndigen, friedlichen Schlaf zu begleiten. Gemeinsam erstellen wir einen Plan, der zu euren Werten, eurem Alltag und den Bed\u00fcrfnissen deines Kindes passt.<\/p><p>\u00a0<\/p><ol start=\"4\"><li><strong>Abschlussgespr\u00e4ch (ca. 30min)<\/strong><\/li><\/ol><p>Wir halten die Erfolge fest und kl\u00e4ren letzte Fragen \u2013 damit ihr gest\u00e4rkt in euren neuen Schlafalltag starten k\u00f6nnt.<\/p>\t\t\t\t\t\t\t\t<\/div>\n\t\t\t\t\t<\/div>\n\t\t\t\t<\/div>\n\t\t\t\t<\/div>\n\t\t","protected":false},"excerpt":{"rendered":"<p>Mein Schlafcoachingpaket F\u00fcr Babys &amp; Kleinkinder ab 6 Monaten Analysegespr\u00e4ch &amp; Protokollauswertung Coachinggespr\u00e4ch &amp; individueller Plan Abschlussgespr\u00e4ch Kosten: auf Anfrage Ort: Zoom oder Telefon Kurzberatung f\u00fcr einzelne Fragen Wechsel ins eigene Zimmer Einschlafrituale Tagesrhythmus &amp; allgemeine Schlaffragen Kosten: 95 CHF\/StundeOrt: Zoom oder Telefon Mein Schlafcoachingpaket Ablauf Kostenloses Kennenlernen (ca. 15 Min) Wir besprechen euer Anliegen, [&hellip;]<\/p>\n","protected":false},"author":1,"featured_media":43,"parent":0,"menu_order":0,"comment_status":"closed","ping_status":"closed","template":"","meta":{"ocean_post_layout":"","ocean_both_sidebars_style":"","ocean_both_sidebars_content_width":0,"ocean_both_sidebars_sidebars_width":0,"ocean_sidebar":"","ocean_second_sidebar":"","ocean_disable_margins":"enable","ocean_add_body_class":"","ocean_shortcode_before_top_bar":"","ocean_shortcode_after_top_bar":"","ocean_shortcode_before_header":"","ocean_shortcode_after_header":"","ocean_has_shortcode":"","ocean_shortcode_after_title":"","ocean_shortcode_before_footer_widgets":"","ocean_shortcode_after_footer_widgets":"","ocean_shortcode_before_footer_bottom":"","ocean_shortcode_after_footer_bottom":"","ocean_display_top_bar":"default","ocean_display_header":"default","ocean_header_style":"","ocean_center_header_left_menu":"","ocean_custom_header_template":"","ocean_custom_logo":0,"ocean_custom_retina_logo":0,"ocean_custom_logo_max_width":0,"ocean_custom_logo_tablet_max_width":0,"ocean_custom_logo_mobile_max_width":0,"ocean_custom_logo_max_height":0,"ocean_custom_logo_tablet_max_height":0,"ocean_custom_logo_mobile_max_height":0,"ocean_header_custom_menu":"","ocean_menu_typo_font_family":"","ocean_menu_typo_font_subset":"","ocean_menu_typo_font_size":0,"ocean_menu_typo_font_size_tablet":0,"ocean_menu_typo_font_size_mobile":0,"ocean_menu_typo_font_size_unit":"px","ocean_menu_typo_font_weight":"","ocean_menu_typo_font_weight_tablet":"","ocean_menu_typo_font_weight_mobile":"","ocean_menu_typo_transform":"","ocean_menu_typo_transform_tablet":"","ocean_menu_typo_transform_mobile":"","ocean_menu_typo_line_height":0,"ocean_menu_typo_line_height_tablet":0,"ocean_menu_typo_line_height_mobile":0,"ocean_menu_typo_line_height_unit":"","ocean_menu_typo_spacing":0,"ocean_menu_typo_spacing_tablet":0,"ocean_menu_typo_spacing_mobile":0,"ocean_menu_typo_spacing_unit":"","ocean_menu_link_color":"","ocean_menu_link_color_hover":"","ocean_menu_link_color_active":"","ocean_menu_link_background":"","ocean_menu_link_hover_background":"","ocean_menu_link_active_background":"","ocean_menu_social_links_bg":"","ocean_menu_social_hover_links_bg":"","ocean_menu_social_links_color":"","ocean_menu_social_hover_links_color":"","ocean_disable_title":"default","ocean_disable_heading":"default","ocean_post_title":"","ocean_post_subheading":"","ocean_post_title_style":"","ocean_post_title_background_color":"","ocean_post_title_background":0,"ocean_post_title_bg_image_position":"","ocean_post_title_bg_image_attachment":"","ocean_post_title_bg_image_repeat":"","ocean_post_title_bg_image_size":"","ocean_post_title_height":0,"ocean_post_title_bg_overlay":0.5,"ocean_post_title_bg_overlay_color":"","ocean_disable_breadcrumbs":"default","ocean_breadcrumbs_color":"","ocean_breadcrumbs_separator_color":"","ocean_breadcrumbs_links_color":"","ocean_breadcrumbs_links_hover_color":"","ocean_display_footer_widgets":"default","ocean_display_footer_bottom":"default","ocean_custom_footer_template":"","footnotes":""},"class_list":["post-85","page","type-page","status-publish","has-post-thumbnail","hentry","entry","has-media"],"yoast_head":"<!-- This site is optimized with the Yoast SEO plugin v27.2 - https:\/\/yoast.com\/product\/yoast-seo-wordpress\/ -->\n<title>Angebot - KleineZwerge-Schlafcoaching<\/title>\n<meta name=\"description\" content=\"Profitieren Sie von professionellem Kleinkinder und Babyschlafcoaching f\u00fcr gesunden und stressfreien Schlaf in Ihrer Familie.\" \/>\n<meta name=\"robots\" content=\"index, follow, max-snippet:-1, max-image-preview:large, max-video-preview:-1\" \/>\n<link rel=\"canonical\" href=\"https:\/\/www.kleinezwerge-schlafcoaching.ch\/?page_id=85\" \/>\n<meta property=\"og:locale\" content=\"de_DE\" \/>\n<meta property=\"og:type\" content=\"article\" \/>\n<meta property=\"og:title\" content=\"Angebot - KleineZwerge-Schlafcoaching\" \/>\n<meta property=\"og:description\" content=\"Profitieren Sie von professionellem Kleinkinder und Babyschlafcoaching f\u00fcr gesunden und stressfreien Schlaf in Ihrer Familie.\" \/>\n<meta property=\"og:url\" content=\"https:\/\/www.kleinezwerge-schlafcoaching.ch\/?page_id=85\" \/>\n<meta property=\"og:site_name\" content=\"KleineZwerge-Schlafcoaching\" \/>\n<meta property=\"article:modified_time\" content=\"2026-04-16T08:13:43+00:00\" \/>\n<meta property=\"og:image\" content=\"https:\/\/www.kleinezwerge-schlafcoaching.ch\/wp-content\/uploads\/2026\/03\/cropped-Finallogo-Schlafzwerg-2.png\" \/>\n\t<meta property=\"og:image:width\" content=\"899\" \/>\n\t<meta property=\"og:image:height\" content=\"845\" \/>\n\t<meta property=\"og:image:type\" content=\"image\/png\" \/>\n<meta name=\"twitter:card\" content=\"summary_large_image\" \/>\n<meta name=\"twitter:label1\" content=\"Gesch\u00e4tzte Lesezeit\" \/>\n\t<meta name=\"twitter:data1\" content=\"1\u00a0Minute\" \/>\n<script type=\"application\/ld+json\" class=\"yoast-schema-graph\">{\"@context\":\"https:\/\/schema.org\",\"@graph\":[{\"@type\":\"WebPage\",\"@id\":\"https:\/\/www.kleinezwerge-schlafcoaching.ch\/?page_id=85\",\"url\":\"https:\/\/www.kleinezwerge-schlafcoaching.ch\/?page_id=85\",\"name\":\"Angebot - KleineZwerge-Schlafcoaching\",\"isPartOf\":{\"@id\":\"https:\/\/www.kleinezwerge-schlafcoaching.ch\/#website\"},\"primaryImageOfPage\":{\"@id\":\"https:\/\/www.kleinezwerge-schlafcoaching.ch\/?page_id=85#primaryimage\"},\"image\":{\"@id\":\"https:\/\/www.kleinezwerge-schlafcoaching.ch\/?page_id=85#primaryimage\"},\"thumbnailUrl\":\"https:\/\/www.kleinezwerge-schlafcoaching.ch\/wp-content\/uploads\/2026\/03\/cropped-Finallogo-Schlafzwerg-2.png\",\"datePublished\":\"2026-03-20T10:55:22+00:00\",\"dateModified\":\"2026-04-16T08:13:43+00:00\",\"description\":\"Profitieren Sie von professionellem Kleinkinder und Babyschlafcoaching f\u00fcr gesunden und stressfreien Schlaf in Ihrer Familie.\",\"breadcrumb\":{\"@id\":\"https:\/\/www.kleinezwerge-schlafcoaching.ch\/?page_id=85#breadcrumb\"},\"inLanguage\":\"de\",\"potentialAction\":[{\"@type\":\"ReadAction\",\"target\":[\"https:\/\/www.kleinezwerge-schlafcoaching.ch\/?page_id=85\"]}]},{\"@type\":\"ImageObject\",\"inLanguage\":\"de\",\"@id\":\"https:\/\/www.kleinezwerge-schlafcoaching.ch\/?page_id=85#primaryimage\",\"url\":\"https:\/\/www.kleinezwerge-schlafcoaching.ch\/wp-content\/uploads\/2026\/03\/cropped-Finallogo-Schlafzwerg-2.png\",\"contentUrl\":\"https:\/\/www.kleinezwerge-schlafcoaching.ch\/wp-content\/uploads\/2026\/03\/cropped-Finallogo-Schlafzwerg-2.png\",\"width\":899,\"height\":845,\"caption\":\"Favicon Baby Kleinkinder Schlafcoaching KleineZwerge-Schlafcoaching Schlafberatung\"},{\"@type\":\"BreadcrumbList\",\"@id\":\"https:\/\/www.kleinezwerge-schlafcoaching.ch\/?page_id=85#breadcrumb\",\"itemListElement\":[{\"@type\":\"ListItem\",\"position\":1,\"name\":\"Start\",\"item\":\"https:\/\/www.kleinezwerge-schlafcoaching.ch\/\"},{\"@type\":\"ListItem\",\"position\":2,\"name\":\"Angebot\"}]},{\"@type\":\"WebSite\",\"@id\":\"https:\/\/www.kleinezwerge-schlafcoaching.ch\/#website\",\"url\":\"https:\/\/www.kleinezwerge-schlafcoaching.ch\/\",\"name\":\"KleineZwerge-Schlafcoaching\",\"description\":\"Gemeinsam zu ruhigen N\u00e4chten\",\"publisher\":{\"@id\":\"https:\/\/www.kleinezwerge-schlafcoaching.ch\/#organization\"},\"potentialAction\":[{\"@type\":\"SearchAction\",\"target\":{\"@type\":\"EntryPoint\",\"urlTemplate\":\"https:\/\/www.kleinezwerge-schlafcoaching.ch\/?s={search_term_string}\"},\"query-input\":{\"@type\":\"PropertyValueSpecification\",\"valueRequired\":true,\"valueName\":\"search_term_string\"}}],\"inLanguage\":\"de\"},{\"@type\":\"Organization\",\"@id\":\"https:\/\/www.kleinezwerge-schlafcoaching.ch\/#organization\",\"name\":\"KleineZwerge-Schlafcoaching\",\"url\":\"https:\/\/www.kleinezwerge-schlafcoaching.ch\/\",\"logo\":{\"@type\":\"ImageObject\",\"inLanguage\":\"de\",\"@id\":\"https:\/\/www.kleinezwerge-schlafcoaching.ch\/#\/schema\/logo\/image\/\",\"url\":\"https:\/\/www.kleinezwerge-schlafcoaching.ch\/wp-content\/uploads\/2026\/03\/cropped-Finallogo-Schlafzwerg-2.png\",\"contentUrl\":\"https:\/\/www.kleinezwerge-schlafcoaching.ch\/wp-content\/uploads\/2026\/03\/cropped-Finallogo-Schlafzwerg-2.png\",\"width\":899,\"height\":845,\"caption\":\"KleineZwerge-Schlafcoaching\"},\"image\":{\"@id\":\"https:\/\/www.kleinezwerge-schlafcoaching.ch\/#\/schema\/logo\/image\/\"}}]}<\/script>\n<!-- \/ Yoast SEO plugin. -->","yoast_head_json":{"title":"Angebot - KleineZwerge-Schlafcoaching","description":"Profitieren Sie von professionellem Kleinkinder und Babyschlafcoaching f\u00fcr gesunden und stressfreien Schlaf in Ihrer Familie.","robots":{"index":"index","follow":"follow","max-snippet":"max-snippet:-1","max-image-preview":"max-image-preview:large","max-video-preview":"max-video-preview:-1"},"canonical":"https:\/\/www.kleinezwerge-schlafcoaching.ch\/?page_id=85","og_locale":"de_DE","og_type":"article","og_title":"Angebot - KleineZwerge-Schlafcoaching","og_description":"Profitieren Sie von professionellem Kleinkinder und Babyschlafcoaching f\u00fcr gesunden und stressfreien Schlaf in Ihrer Familie.","og_url":"https:\/\/www.kleinezwerge-schlafcoaching.ch\/?page_id=85","og_site_name":"KleineZwerge-Schlafcoaching","article_modified_time":"2026-04-16T08:13:43+00:00","og_image":[{"width":899,"height":845,"url":"https:\/\/www.kleinezwerge-schlafcoaching.ch\/wp-content\/uploads\/2026\/03\/cropped-Finallogo-Schlafzwerg-2.png","type":"image\/png"}],"twitter_card":"summary_large_image","twitter_misc":{"Gesch\u00e4tzte Lesezeit":"1\u00a0Minute"},"schema":{"@context":"https:\/\/schema.org","@graph":[{"@type":"WebPage","@id":"https:\/\/www.kleinezwerge-schlafcoaching.ch\/?page_id=85","url":"https:\/\/www.kleinezwerge-schlafcoaching.ch\/?page_id=85","name":"Angebot - KleineZwerge-Schlafcoaching","isPartOf":{"@id":"https:\/\/www.kleinezwerge-schlafcoaching.ch\/#website"},"primaryImageOfPage":{"@id":"https:\/\/www.kleinezwerge-schlafcoaching.ch\/?page_id=85#primaryimage"},"image":{"@id":"https:\/\/www.kleinezwerge-schlafcoaching.ch\/?page_id=85#primaryimage"},"thumbnailUrl":"https:\/\/www.kleinezwerge-schlafcoaching.ch\/wp-content\/uploads\/2026\/03\/cropped-Finallogo-Schlafzwerg-2.png","datePublished":"2026-03-20T10:55:22+00:00","dateModified":"2026-04-16T08:13:43+00:00","description":"Profitieren Sie von professionellem Kleinkinder und Babyschlafcoaching f\u00fcr gesunden und stressfreien Schlaf in Ihrer Familie.","breadcrumb":{"@id":"https:\/\/www.kleinezwerge-schlafcoaching.ch\/?page_id=85#breadcrumb"},"inLanguage":"de","potentialAction":[{"@type":"ReadAction","target":["https:\/\/www.kleinezwerge-schlafcoaching.ch\/?page_id=85"]}]},{"@type":"ImageObject","inLanguage":"de","@id":"https:\/\/www.kleinezwerge-schlafcoaching.ch\/?page_id=85#primaryimage","url":"https:\/\/www.kleinezwerge-schlafcoaching.ch\/wp-content\/uploads\/2026\/03\/cropped-Finallogo-Schlafzwerg-2.png","contentUrl":"https:\/\/www.kleinezwerge-schlafcoaching.ch\/wp-content\/uploads\/2026\/03\/cropped-Finallogo-Schlafzwerg-2.png","width":899,"height":845,"caption":"Favicon Baby Kleinkinder Schlafcoaching KleineZwerge-Schlafcoaching Schlafberatung"},{"@type":"BreadcrumbList","@id":"https:\/\/www.kleinezwerge-schlafcoaching.ch\/?page_id=85#breadcrumb","itemListElement":[{"@type":"ListItem","position":1,"name":"Start","item":"https:\/\/www.kleinezwerge-schlafcoaching.ch\/"},{"@type":"ListItem","position":2,"name":"Angebot"}]},{"@type":"WebSite","@id":"https:\/\/www.kleinezwerge-schlafcoaching.ch\/#website","url":"https:\/\/www.kleinezwerge-schlafcoaching.ch\/","name":"KleineZwerge-Schlafcoaching","description":"Gemeinsam zu ruhigen N\u00e4chten","publisher":{"@id":"https:\/\/www.kleinezwerge-schlafcoaching.ch\/#organization"},"potentialAction":[{"@type":"SearchAction","target":{"@type":"EntryPoint","urlTemplate":"https:\/\/www.kleinezwerge-schlafcoaching.ch\/?s={search_term_string}"},"query-input":{"@type":"PropertyValueSpecification","valueRequired":true,"valueName":"search_term_string"}}],"inLanguage":"de"},{"@type":"Organization","@id":"https:\/\/www.kleinezwerge-schlafcoaching.ch\/#organization","name":"KleineZwerge-Schlafcoaching","url":"https:\/\/www.kleinezwerge-schlafcoaching.ch\/","logo":{"@type":"ImageObject","inLanguage":"de","@id":"https:\/\/www.kleinezwerge-schlafcoaching.ch\/#\/schema\/logo\/image\/","url":"https:\/\/www.kleinezwerge-schlafcoaching.ch\/wp-content\/uploads\/2026\/03\/cropped-Finallogo-Schlafzwerg-2.png","contentUrl":"https:\/\/www.kleinezwerge-schlafcoaching.ch\/wp-content\/uploads\/2026\/03\/cropped-Finallogo-Schlafzwerg-2.png","width":899,"height":845,"caption":"KleineZwerge-Schlafcoaching"},"image":{"@id":"https:\/\/www.kleinezwerge-schlafcoaching.ch\/#\/schema\/logo\/image\/"}}]}},"_links":{"self":[{"href":"https:\/\/www.kleinezwerge-schlafcoaching.ch\/index.php?rest_route=\/wp\/v2\/pages\/85","targetHints":{"allow":["GET"]}}],"collection":[{"href":"https:\/\/www.kleinezwerge-schlafcoaching.ch\/index.php?rest_route=\/wp\/v2\/pages"}],"about":[{"href":"https:\/\/www.kleinezwerge-schlafcoaching.ch\/index.php?rest_route=\/wp\/v2\/types\/page"}],"author":[{"embeddable":true,"href":"https:\/\/www.kleinezwerge-schlafcoaching.ch\/index.php?rest_route=\/wp\/v2\/users\/1"}],"replies":[{"embeddable":true,"href":"https:\/\/www.kleinezwerge-schlafcoaching.ch\/index.php?rest_route=%2Fwp%2Fv2%2Fcomments&post=85"}],"version-history":[{"count":4,"href":"https:\/\/www.kleinezwerge-schlafcoaching.ch\/index.php?rest_route=\/wp\/v2\/pages\/85\/revisions"}],"predecessor-version":[{"id":92,"href":"https:\/\/www.kleinezwerge-schlafcoaching.ch\/index.php?rest_route=\/wp\/v2\/pages\/85\/revisions\/92"}],"wp:featuredmedia":[{"embeddable":true,"href":"https:\/\/www.kleinezwerge-schlafcoaching.ch\/index.php?rest_route=\/wp\/v2\/media\/43"}],"wp:attachment":[{"href":"https:\/\/www.kleinezwerge-schlafcoaching.ch\/index.php?rest_route=%2Fwp%2Fv2%2Fmedia&parent=85"}],"curies":[{"name":"wp","href":"https:\/\/api.w.org\/{rel}","templated":true}]}}